{"id":34,"date":"2024-03-24T19:01:23","date_gmt":"2024-03-24T19:01:23","guid":{"rendered":"https:\/\/kepetex.com\/index.php\/workshops\/"},"modified":"2025-01-15T17:36:54","modified_gmt":"2025-01-15T17:36:54","slug":"gallery","status":"publish","type":"page","link":"https:\/\/kepetex.com\/index.php\/gallery\/","title":{"rendered":"Gallery"},"content":{"rendered":"\t\t<div data-elementor-type=\"wp-page\" data-elementor-id=\"34\" class=\"elementor elementor-34\">\n\t\t\t\t<div class=\"elementor-element elementor-element-62bb3a3d e-con-full e-flex e-con e-parent\" data-id=\"62bb3a3d\" data-element_type=\"container\" data-e-type=\"container\">\n\t\t<div class=\"elementor-element elementor-element-619d4380 e-con-full e-flex e-con e-child\" data-id=\"619d4380\" data-element_type=\"container\" data-e-type=\"container\">\n\t\t<div class=\"elementor-element elementor-element-46bcac61 e-con-full e-flex e-con e-child\" data-id=\"46bcac61\" data-element_type=\"container\" data-e-type=\"container\">\n\t\t\t\t<div class=\"elementor-element elementor-element-7d9f75be elementor-invisible elementor-widget elementor-widget-heading\" data-id=\"7d9f75be\" data-element_type=\"widget\" data-e-type=\"widget\" data-settings=\"{&quot;_animation&quot;:&quot;fadeInLeft&quot;}\" data-widget_type=\"heading.default\">\n\t\t\t\t<div class=\"elementor-widget-container\">\n\t\t\t\t\t<h1 class=\"elementor-heading-title elementor-size-default\">Shikoni galerin\u00eb ton\u00eb!\n<\/h1>\t\t\t\t<\/div>\n\t\t\t\t<\/div>\n\t\t\t\t<div class=\"elementor-element elementor-element-5f7be21c elementor-widget__width-initial elementor-invisible elementor-widget elementor-widget-text-editor\" data-id=\"5f7be21c\" data-element_type=\"widget\" data-e-type=\"widget\" data-settings=\"{&quot;_animation&quot;:&quot;fadeInDown&quot;}\" data-widget_type=\"text-editor.default\">\n\t\t\t\t<div class=\"elementor-widget-container\">\n\t\t\t\t\t\t\t\t\t<p>Shikoni galerin\u00eb ton\u00eb t\u00eb fotove dhe shihni pun\u00ebt e mrekullueshme q\u00eb kemi b\u00ebr\u00eb tek klient\u00ebt tan\u00eb<\/p>\t\t\t\t\t\t\t\t<\/div>\n\t\t\t\t<\/div>\n\t\t\t\t<\/div>\n\t\t\t\t<div class=\"elementor-element elementor-element-1d87446a elementor-invisible elementor-widget elementor-widget-heading\" data-id=\"1d87446a\" data-element_type=\"widget\" data-e-type=\"widget\" data-settings=\"{&quot;_animation&quot;:&quot;fadeInUp&quot;}\" data-widget_type=\"heading.default\">\n\t\t\t\t<div class=\"elementor-widget-container\">\n\t\t\t\t\t<span class=\"elementor-heading-title elementor-size-default\">galeria<\/span>\t\t\t\t<\/div>\n\t\t\t\t<\/div>\n\t\t\t\t<\/div>\n\t\t<div class=\"elementor-element elementor-element-30e36ee7 e-con-full e-flex e-con e-child\" data-id=\"30e36ee7\" data-element_type=\"container\" data-e-type=\"container\" data-settings=\"{&quot;background_background&quot;:&quot;classic&quot;}\">\n\t\t\t\t<\/div>\n\t\t\t\t<\/div>\n\t\t<div class=\"elementor-element elementor-element-64f48a4 e-con-full e-flex e-con e-parent\" data-id=\"64f48a4\" data-element_type=\"container\" data-e-type=\"container\">\n\t\t\t\t<div class=\"elementor-element elementor-element-96d72b4 elementor-widget-mobile__width-inherit elementor-widget elementor-widget-htmega-galleryjustify-addons\" data-id=\"96d72b4\" data-element_type=\"widget\" data-e-type=\"widget\" data-widget_type=\"htmega-galleryjustify-addons.default\">\n\t\t\t\t<div class=\"elementor-widget-container\">\n\t\t\t\t\t<div id=\"npgallery96d72b4\" class=\"npgallery_active96d72b4\"style=\"display:none;\">                        <div class=\"htmega-justify-single-image\">\n                            <div class=\"thumb\">\n                                <a href=\"https:\/\/kepetex.com\/wp-content\/uploads\/2024\/10\/mbuloje_me_xham.png\" rel=\"npgallery\">\n                                    <img decoding=\"async\" src=\"https:\/\/kepetex.com\/wp-content\/uploads\/2024\/10\/mbuloje_me_xham.png\" alt=\"\">\n                                <\/a>\n                            <\/div>\n                        <\/div>\n\n                                            <div class=\"htmega-justify-single-image\">\n                            <div class=\"thumb\">\n                                <a href=\"https:\/\/kepetex.com\/wp-content\/uploads\/2024\/10\/pergola_me_ndricim_telekomand.png\" rel=\"npgallery\">\n                                    <img decoding=\"async\" src=\"https:\/\/kepetex.com\/wp-content\/uploads\/2024\/10\/pergola_me_ndricim_telekomand.png\" alt=\"\">\n                                <\/a>\n                            <\/div>\n                        <\/div>\n\n                                            <div class=\"htmega-justify-single-image\">\n                            <div class=\"thumb\">\n                                <a href=\"https:\/\/kepetex.com\/wp-content\/uploads\/2024\/10\/cader.png\" rel=\"npgallery\">\n                                    <img decoding=\"async\" src=\"https:\/\/kepetex.com\/wp-content\/uploads\/2024\/10\/cader.png\" alt=\"\">\n                                <\/a>\n                            <\/div>\n                        <\/div>\n\n                                            <div class=\"htmega-justify-single-image\">\n                            <div class=\"thumb\">\n                                <a href=\"https:\/\/kepetex.com\/wp-content\/uploads\/2024\/10\/foto-1.png\" rel=\"npgallery\">\n                                    <img decoding=\"async\" src=\"https:\/\/kepetex.com\/wp-content\/uploads\/2024\/10\/foto-1.png\" alt=\"\">\n                                <\/a>\n                            <\/div>\n                        <\/div>\n\n                                            <div class=\"htmega-justify-single-image\">\n                            <div class=\"thumb\">\n                                <a href=\"https:\/\/kepetex.com\/wp-content\/uploads\/2024\/10\/0605-frame-at-0m19s.jpg\" rel=\"npgallery\">\n                                    <img decoding=\"async\" src=\"https:\/\/kepetex.com\/wp-content\/uploads\/2024\/10\/0605-frame-at-0m19s.jpg\" alt=\"\">\n                                <\/a>\n                            <\/div>\n                        <\/div>\n\n                                            <div class=\"htmega-justify-single-image\">\n                            <div class=\"thumb\">\n                                <a href=\"https:\/\/kepetex.com\/wp-content\/uploads\/2024\/10\/asddasasd.png\" rel=\"npgallery\">\n                                    <img decoding=\"async\" src=\"https:\/\/kepetex.com\/wp-content\/uploads\/2024\/10\/asddasasd.png\" alt=\"\">\n                                <\/a>\n                            <\/div>\n                        <\/div>\n\n                                            <div class=\"htmega-justify-single-image\">\n                            <div class=\"thumb\">\n                                <a href=\"https:\/\/kepetex.com\/wp-content\/uploads\/2024\/10\/mbuloja-panelo.png\" rel=\"npgallery\">\n                                    <img decoding=\"async\" src=\"https:\/\/kepetex.com\/wp-content\/uploads\/2024\/10\/mbuloja-panelo.png\" alt=\"\">\n                                <\/a>\n                            <\/div>\n                        <\/div>\n\n                                            <div class=\"htmega-justify-single-image\">\n                            <div class=\"thumb\">\n                                <a href=\"https:\/\/kepetex.com\/wp-content\/uploads\/2024\/10\/pergola.png\" rel=\"npgallery\">\n                                    <img decoding=\"async\" src=\"https:\/\/kepetex.com\/wp-content\/uploads\/2024\/10\/pergola.png\" alt=\"\">\n                                <\/a>\n                            <\/div>\n                        <\/div>\n\n                                            <div class=\"htmega-justify-single-image\">\n                            <div class=\"thumb\">\n                                <a href=\"https:\/\/kepetex.com\/wp-content\/uploads\/2024\/10\/tenda-klasike.png\" rel=\"npgallery\">\n                                    <img decoding=\"async\" src=\"https:\/\/kepetex.com\/wp-content\/uploads\/2024\/10\/tenda-klasike.png\" alt=\"\">\n                                <\/a>\n                            <\/div>\n                        <\/div>\n\n                                            <div class=\"htmega-justify-single-image\">\n                            <div class=\"thumb\">\n                                <a href=\"https:\/\/kepetex.com\/wp-content\/uploads\/2024\/04\/Borek_Ardenza_belt_Vigo_daybed_Studio_Borek_-_Dekton_Faro_coffee_table_Bertram_Beerbaum_-_Aluminium_Arizona_parasol-copy.jpeg\" rel=\"npgallery\">\n                                    <img decoding=\"async\" src=\"https:\/\/kepetex.com\/wp-content\/uploads\/2024\/04\/Borek_Ardenza_belt_Vigo_daybed_Studio_Borek_-_Dekton_Faro_coffee_table_Bertram_Beerbaum_-_Aluminium_Arizona_parasol-copy.jpeg\" alt=\"\">\n                                <\/a>\n                            <\/div>\n                        <\/div>\n\n                                            <div class=\"htmega-justify-single-image\">\n                            <div class=\"thumb\">\n                                <a href=\"https:\/\/kepetex.com\/wp-content\/uploads\/2024\/04\/347616913_252732610797902_938666881239360956_n.jpeg\" rel=\"npgallery\">\n                                    <img decoding=\"async\" src=\"https:\/\/kepetex.com\/wp-content\/uploads\/2024\/04\/347616913_252732610797902_938666881239360956_n.jpeg\" alt=\"\">\n                                <\/a>\n                            <\/div>\n                        <\/div>\n\n                                            <div class=\"htmega-justify-single-image\">\n                            <div class=\"thumb\">\n                                <a href=\"https:\/\/kepetex.com\/wp-content\/uploads\/2024\/04\/3BRf9oEAOL@2x.png\" rel=\"npgallery\">\n                                    <img decoding=\"async\" src=\"https:\/\/kepetex.com\/wp-content\/uploads\/2024\/04\/3BRf9oEAOL@2x.png\" alt=\"\">\n                                <\/a>\n                            <\/div>\n                        <\/div>\n\n                                            <div class=\"htmega-justify-single-image\">\n                            <div class=\"thumb\">\n                                <a href=\"https:\/\/kepetex.com\/wp-content\/uploads\/2024\/04\/10.jpg\" rel=\"npgallery\">\n                                    <img decoding=\"async\" src=\"https:\/\/kepetex.com\/wp-content\/uploads\/2024\/04\/10.jpg\" alt=\"\">\n                                <\/a>\n                            <\/div>\n                        <\/div>\n\n                                            <div class=\"htmega-justify-single-image\">\n                            <div class=\"thumb\">\n                                <a href=\"https:\/\/kepetex.com\/wp-content\/uploads\/2024\/04\/11.jpeg\" rel=\"npgallery\">\n                                    <img decoding=\"async\" src=\"https:\/\/kepetex.com\/wp-content\/uploads\/2024\/04\/11.jpeg\" alt=\"\">\n                                <\/a>\n                            <\/div>\n                        <\/div>\n\n                                            <div class=\"htmega-justify-single-image\">\n                            <div class=\"thumb\">\n                                <a href=\"https:\/\/kepetex.com\/wp-content\/uploads\/2024\/04\/09.jpg\" rel=\"npgallery\">\n                                    <img decoding=\"async\" src=\"https:\/\/kepetex.com\/wp-content\/uploads\/2024\/04\/09.jpg\" alt=\"\">\n                                <\/a>\n                            <\/div>\n                        <\/div>\n\n                                            <div class=\"htmega-justify-single-image\">\n                            <div class=\"thumb\">\n                                <a href=\"https:\/\/kepetex.com\/wp-content\/uploads\/2024\/04\/0-02-05-9f05ea13337fb3fd235cae2ed161cbc1aeea33b37021734c1c14b31119f34dfa_e6a243a8.jpg\" rel=\"npgallery\">\n                                    <img decoding=\"async\" src=\"https:\/\/kepetex.com\/wp-content\/uploads\/2024\/04\/0-02-05-9f05ea13337fb3fd235cae2ed161cbc1aeea33b37021734c1c14b31119f34dfa_e6a243a8.jpg\" alt=\"\">\n                                <\/a>\n                            <\/div>\n                        <\/div>\n\n                                            <div class=\"htmega-justify-single-image\">\n                            <div class=\"thumb\">\n                                <a href=\"https:\/\/kepetex.com\/wp-content\/uploads\/2024\/04\/20200626_142928.jpg\" rel=\"npgallery\">\n                                    <img decoding=\"async\" src=\"https:\/\/kepetex.com\/wp-content\/uploads\/2024\/04\/20200626_142928.jpg\" alt=\"\">\n                                <\/a>\n                            <\/div>\n                        <\/div>\n\n                                            <div class=\"htmega-justify-single-image\">\n                            <div class=\"thumb\">\n                                <a href=\"https:\/\/kepetex.com\/wp-content\/uploads\/2024\/04\/image00017-4.jpeg\" rel=\"npgallery\">\n                                    <img decoding=\"async\" src=\"https:\/\/kepetex.com\/wp-content\/uploads\/2024\/04\/image00017-4.jpeg\" alt=\"\">\n                                <\/a>\n                            <\/div>\n                        <\/div>\n\n                                            <div class=\"htmega-justify-single-image\">\n                            <div class=\"thumb\">\n                                <a href=\"https:\/\/kepetex.com\/wp-content\/uploads\/2024\/04\/20180516_094935.jpg\" rel=\"npgallery\">\n                                    <img decoding=\"async\" src=\"https:\/\/kepetex.com\/wp-content\/uploads\/2024\/04\/20180516_094935.jpg\" alt=\"\">\n                                <\/a>\n                            <\/div>\n                        <\/div>\n\n                                            <div class=\"htmega-justify-single-image\">\n                            <div class=\"thumb\">\n                                <a href=\"https:\/\/kepetex.com\/wp-content\/uploads\/2024\/04\/image00004.jpeg\" rel=\"npgallery\">\n                                    <img decoding=\"async\" src=\"https:\/\/kepetex.com\/wp-content\/uploads\/2024\/04\/image00004.jpeg\" alt=\"\">\n                                <\/a>\n                            <\/div>\n                        <\/div>\n\n                                            <div class=\"htmega-justify-single-image\">\n                            <div class=\"thumb\">\n                                <a href=\"https:\/\/kepetex.com\/wp-content\/uploads\/2024\/04\/08.jpeg\" rel=\"npgallery\">\n                                    <img decoding=\"async\" src=\"https:\/\/kepetex.com\/wp-content\/uploads\/2024\/04\/08.jpeg\" alt=\"\">\n                                <\/a>\n                            <\/div>\n                        <\/div>\n\n                                            <div class=\"htmega-justify-single-image\">\n                            <div class=\"thumb\">\n                                <a href=\"https:\/\/kepetex.com\/wp-content\/uploads\/2024\/04\/07.webp\" rel=\"npgallery\">\n                                    <img decoding=\"async\" src=\"https:\/\/kepetex.com\/wp-content\/uploads\/2024\/04\/07.webp\" alt=\"\">\n                                <\/a>\n                            <\/div>\n                        <\/div>\n\n                                            <div class=\"htmega-justify-single-image\">\n                            <div class=\"thumb\">\n                                <a href=\"https:\/\/kepetex.com\/wp-content\/uploads\/2024\/04\/03.jpeg\" rel=\"npgallery\">\n                                    <img decoding=\"async\" src=\"https:\/\/kepetex.com\/wp-content\/uploads\/2024\/04\/03.jpeg\" alt=\"\">\n                                <\/a>\n                            <\/div>\n                        <\/div>\n\n                                            <div class=\"htmega-justify-single-image\">\n                            <div class=\"thumb\">\n                                <a href=\"https:\/\/kepetex.com\/wp-content\/uploads\/2024\/04\/02.jpeg\" rel=\"npgallery\">\n                                    <img decoding=\"async\" src=\"https:\/\/kepetex.com\/wp-content\/uploads\/2024\/04\/02.jpeg\" alt=\"\">\n                                <\/a>\n                            <\/div>\n                        <\/div>\n\n                                            <div class=\"htmega-justify-single-image\">\n                            <div class=\"thumb\">\n                                <a href=\"https:\/\/kepetex.com\/wp-content\/uploads\/2024\/04\/05.jpeg\" rel=\"npgallery\">\n                                    <img decoding=\"async\" src=\"https:\/\/kepetex.com\/wp-content\/uploads\/2024\/04\/05.jpeg\" alt=\"\">\n                                <\/a>\n                            <\/div>\n                        <\/div>\n\n                                            <div class=\"htmega-justify-single-image\">\n                            <div class=\"thumb\">\n                                <a href=\"https:\/\/kepetex.com\/wp-content\/uploads\/2024\/03\/417533557_400126169391878_4749417356216327810_n.jpeg\" rel=\"npgallery\">\n                                    <img decoding=\"async\" src=\"https:\/\/kepetex.com\/wp-content\/uploads\/2024\/03\/417533557_400126169391878_4749417356216327810_n.jpeg\" alt=\"\">\n                                <\/a>\n                            <\/div>\n                        <\/div>\n\n                    <\/div>        <script>\n            jQuery(document).ready(function($) {\n\n                'use strict';                \n                $('#npgallery96d72b4').imagesLoaded( function() {\n                    $('#npgallery96d72b4')[0].style.display='block';\n                    $('#npgallery96d72b4').justifiedGallery({\n                        rowHeight: 294,\n                        maxRowHeight: null,\n                        margins: 20,\n                        border: 0,\n                        rel: 'npgallery96d72b4',\n                        lastRow: 'nojustify',\n                        captions: true,\n                        randomize: false,\n                        sizeRangeSuffixes: {\n                            lt100: '_t',\n                            lt240: '_m',\n                            lt320: '_n',\n                            lt500: '',\n                            lt640: '_z',\n                            lt1024: '_b'\n                        }\n                    });\n                });\n                            });\n        <\/script>\n        \t\t\t\t<\/div>\n\t\t\t\t<\/div>\n\t\t\t\t<\/div>\n\t\t\t\t<\/div>\n\t\t","protected":false},"excerpt":{"rendered":"<p>Shikoni galerin\u00eb ton\u00eb! Shikoni galerin\u00eb ton\u00eb t\u00eb fotove dhe shihni pun\u00ebt e mrekullueshme q\u00eb kemi b\u00ebr\u00eb tek klient\u00ebt tan\u00eb galeria<\/p>\n","protected":false},"author":1,"featured_media":0,"parent":0,"menu_order":0,"comment_status":"closed","ping_status":"closed","template":"elementor_header_footer","meta":{"om_disable_all_campaigns":false,"_monsterinsights_skip_tracking":false,"_monsterinsights_sitenote_active":false,"_monsterinsights_sitenote_note":"","_monsterinsights_sitenote_category":0,"footnotes":""},"class_list":["post-34","page","type-page","status-publish","hentry"],"aioseo_notices":[],"_links":{"self":[{"href":"https:\/\/kepetex.com\/index.php\/wp-json\/wp\/v2\/pages\/34","targetHints":{"allow":["GET"]}}],"collection":[{"href":"https:\/\/kepetex.com\/index.php\/wp-json\/wp\/v2\/pages"}],"about":[{"href":"https:\/\/kepetex.com\/index.php\/wp-json\/wp\/v2\/types\/page"}],"author":[{"embeddable":true,"href":"https:\/\/kepetex.com\/index.php\/wp-json\/wp\/v2\/users\/1"}],"replies":[{"embeddable":true,"href":"https:\/\/kepetex.com\/index.php\/wp-json\/wp\/v2\/comments?post=34"}],"version-history":[{"count":71,"href":"https:\/\/kepetex.com\/index.php\/wp-json\/wp\/v2\/pages\/34\/revisions"}],"predecessor-version":[{"id":1101,"href":"https:\/\/kepetex.com\/index.php\/wp-json\/wp\/v2\/pages\/34\/revisions\/1101"}],"wp:attachment":[{"href":"https:\/\/kepetex.com\/index.php\/wp-json\/wp\/v2\/media?parent=34"}],"curies":[{"name":"wp","href":"https:\/\/api.w.org\/{rel}","templated":true}]}}