{"id":11,"date":"2024-03-24T19:01:18","date_gmt":"2024-03-24T19:01:18","guid":{"rendered":"https:\/\/kepetex.com\/index.php\/global-styles\/"},"modified":"2026-01-24T16:41:53","modified_gmt":"2026-01-24T16:41:53","slug":"produktet-kepe-tex","status":"publish","type":"page","link":"https:\/\/kepetex.com\/index.php\/produktet-kepe-tex\/","title":{"rendered":"Produktet"},"content":{"rendered":"\t\t<div data-elementor-type=\"wp-page\" data-elementor-id=\"11\" class=\"elementor elementor-11\">\n\t\t\t\t<div class=\"elementor-element elementor-element-ed4c30c e-flex e-con-boxed e-con e-parent\" data-id=\"ed4c30c\" data-element_type=\"container\" data-e-type=\"container\">\n\t\t\t\t\t<div class=\"e-con-inner\">\n\t\t\t\t<div class=\"elementor-element elementor-element-8b48659 elementor-widget elementor-widget-text-editor\" data-id=\"8b48659\" data-element_type=\"widget\" data-e-type=\"widget\" data-widget_type=\"text-editor.default\">\n\t\t\t\t<div class=\"elementor-widget-container\">\n\t\t\t\t\t\t\t\t\t<h5>Ne\u00a0 sigurojm\u00eb cil\u00ebsi t\u00eb lart\u00eb n\u00eb \u00e7do hap t\u00eb procesit ton\u00eb t\u00eb prodhimit.<\/h5>\t\t\t\t\t\t\t\t<\/div>\n\t\t\t\t<\/div>\n\t\t\t\t<div class=\"elementor-element elementor-element-2f51232 elementor-invisible elementor-widget elementor-widget-heading\" data-id=\"2f51232\" data-element_type=\"widget\" data-e-type=\"widget\" data-settings=\"{&quot;_animation&quot;:&quot;fadeInUp&quot;}\" data-widget_type=\"heading.default\">\n\t\t\t\t<div class=\"elementor-widget-container\">\n\t\t\t\t\t<span class=\"elementor-heading-title elementor-size-default\">produktet<\/span>\t\t\t\t<\/div>\n\t\t\t\t<\/div>\n\t\t\t\t\t<\/div>\n\t\t\t\t<\/div>\n\t\t<div class=\"elementor-element elementor-element-6d87149 e-con-full e-flex e-con e-parent\" data-id=\"6d87149\" data-element_type=\"container\" data-e-type=\"container\" id=\"buttons\">\n\t\t<div class=\"elementor-element elementor-element-1cd83ea e-con-full e-flex e-con e-child\" data-id=\"1cd83ea\" data-element_type=\"container\" data-e-type=\"container\">\n\t\t<div class=\"elementor-element elementor-element-959f4df e-con-full e-flex e-con e-child\" data-id=\"959f4df\" data-element_type=\"container\" data-e-type=\"container\">\n\t\t<div class=\"elementor-element elementor-element-58b84b4 e-con-full e-flex e-con e-child\" data-id=\"58b84b4\" data-element_type=\"container\" data-e-type=\"container\">\n\t\t<div class=\"elementor-element elementor-element-1f3b1e0 e-con-full e-flex e-con e-child\" data-id=\"1f3b1e0\" data-element_type=\"container\" data-e-type=\"container\">\n\t\t\t\t<div class=\"elementor-element elementor-element-79059b1 elementor-widget elementor-widget-htmega-magnific-popup-addons\" data-id=\"79059b1\" data-element_type=\"widget\" data-e-type=\"widget\" data-widget_type=\"htmega-magnific-popup-addons.default\">\n\t\t\t\t<div class=\"elementor-widget-container\">\n\t\t\t\t\t            <div class=\"htmega-lightbox \">\n                                <div class=\"htmega-lightboxthumb\">\n                    <img fetchpriority=\"high\" decoding=\"async\" width=\"800\" height=\"800\" src=\"https:\/\/kepetex.com\/wp-content\/uploads\/2024\/04\/20180516_094935.jpg\" class=\"attachment-large size-large wp-image-281\" alt=\"\" srcset=\"https:\/\/kepetex.com\/wp-content\/uploads\/2024\/04\/20180516_094935.jpg 800w, https:\/\/kepetex.com\/wp-content\/uploads\/2024\/04\/20180516_094935-300x300.jpg 300w, https:\/\/kepetex.com\/wp-content\/uploads\/2024\/04\/20180516_094935-150x150.jpg 150w, https:\/\/kepetex.com\/wp-content\/uploads\/2024\/04\/20180516_094935-768x768.jpg 768w\" sizes=\"(max-width: 800px) 100vw, 800px\" \/>                <\/div>\n                                <div class=\"htmega-lightbox-action htmega-lightbox-button-type-image\">\n                                            <a data-elementor-open-lightbox=\"no\" class=\"image-popup-vertical-fit\" href=\"https:\/\/www.youtube.com\/watch?v=IAwRx1zwEcM\" data-popupoption=\"{&quot;datatype&quot;:&quot;iframe&quot;}\" ><svg class=\"e-font-icon-svg e-fas-plus\" viewBox=\"0 0 448 512\" xmlns=\"http:\/\/www.w3.org\/2000\/svg\"><path d=\"M416 208H272V64c0-17.67-14.33-32-32-32h-32c-17.67 0-32 14.33-32 32v144H32c-17.67 0-32 14.33-32 32v32c0 17.67 14.33 32 32 32h144v144c0 17.67 14.33 32 32 32h32c17.67 0 32-14.33 32-32V304h144c17.67 0 32-14.33 32-32v-32c0-17.67-14.33-32-32-32z\"><\/path><\/svg><\/a>\n                                    <\/div>\n            <\/div>\n\n        \t\t\t\t<\/div>\n\t\t\t\t<\/div>\n\t\t\t\t<div class=\"elementor-element elementor-element-e2e4e94 elementor-widget elementor-widget-image-box\" data-id=\"e2e4e94\" data-element_type=\"widget\" data-e-type=\"widget\" data-widget_type=\"image-box.default\">\n\t\t\t\t<div class=\"elementor-widget-container\">\n\t\t\t\t\t<div class=\"elementor-image-box-wrapper\"><div class=\"elementor-image-box-content\"><h3 class=\"elementor-image-box-title\">Tenda<\/h3><p class=\"elementor-image-box-description\">Tendat kan\u00eb nj\u00eb rol t\u00eb r\u00ebnd\u00ebsish\u00ebm sepse p\u00ebrmir\u00ebsojn\u00eb ambientin dhe kan\u00eb p\u00ebrfitime t\u00eb shumta p\u00ebr sht\u00ebpin\u00eb apo dyqanin tuaj.\n\n<\/p><\/div><\/div>\t\t\t\t<\/div>\n\t\t\t\t<\/div>\n\t\t\t\t<div class=\"elementor-element elementor-element-6b5b3d2 elementor-widget elementor-widget-button\" data-id=\"6b5b3d2\" data-element_type=\"widget\" data-e-type=\"widget\" data-widget_type=\"button.default\">\n\t\t\t\t<div class=\"elementor-widget-container\">\n\t\t\t\t\t\t\t\t\t<div class=\"elementor-button-wrapper\">\n\t\t\t\t\t<a class=\"elementor-button elementor-button-link elementor-size-sm\" href=\"https:\/\/youtu.be\/IAwRx1zwEcM?si=YulJzujS2yF1Nrum\" target=\"_blank\">\n\t\t\t\t\t\t<span class=\"elementor-button-content-wrapper\">\n\t\t\t\t\t\t\t\t\t<span class=\"elementor-button-text\">Shiko m\u00eb shum\u00eb<\/span>\n\t\t\t\t\t<\/span>\n\t\t\t\t\t<\/a>\n\t\t\t\t<\/div>\n\t\t\t\t\t\t\t\t<\/div>\n\t\t\t\t<\/div>\n\t\t\t\t<\/div>\n\t\t<div class=\"elementor-element elementor-element-effcb4c e-con-full e-flex e-con e-child\" data-id=\"effcb4c\" data-element_type=\"container\" data-e-type=\"container\">\n\t\t\t\t<div class=\"elementor-element elementor-element-f236730 elementor-widget elementor-widget-htmega-magnific-popup-addons\" data-id=\"f236730\" data-element_type=\"widget\" data-e-type=\"widget\" data-widget_type=\"htmega-magnific-popup-addons.default\">\n\t\t\t\t<div class=\"elementor-widget-container\">\n\t\t\t\t\t            <div class=\"htmega-lightbox \">\n                                <div class=\"htmega-lightboxthumb\">\n                    <img decoding=\"async\" width=\"800\" height=\"800\" src=\"https:\/\/kepetex.com\/wp-content\/uploads\/2024\/10\/cader.png\" class=\"attachment-large size-large wp-image-879\" alt=\"\" srcset=\"https:\/\/kepetex.com\/wp-content\/uploads\/2024\/10\/cader.png 960w, https:\/\/kepetex.com\/wp-content\/uploads\/2024\/10\/cader-300x300.png 300w, https:\/\/kepetex.com\/wp-content\/uploads\/2024\/10\/cader-150x150.png 150w, https:\/\/kepetex.com\/wp-content\/uploads\/2024\/10\/cader-768x768.png 768w\" sizes=\"(max-width: 800px) 100vw, 800px\" \/>                <\/div>\n                                <div class=\"htmega-lightbox-action htmega-lightbox-button-type-image\">\n                                            <a data-elementor-open-lightbox=\"no\" class=\"image-popup-vertical-fit\" href=\"https:\/\/kepetex.com\/wp-content\/uploads\/2024\/10\/419567060_400125526058609_2620403156290385781_n.jpg\" data-popupoption=\"{&quot;datatype&quot;:&quot;image&quot;}\" ><svg class=\"e-font-icon-svg e-fas-plus\" viewBox=\"0 0 448 512\" xmlns=\"http:\/\/www.w3.org\/2000\/svg\"><path d=\"M416 208H272V64c0-17.67-14.33-32-32-32h-32c-17.67 0-32 14.33-32 32v144H32c-17.67 0-32 14.33-32 32v32c0 17.67 14.33 32 32 32h144v144c0 17.67 14.33 32 32 32h32c17.67 0 32-14.33 32-32V304h144c17.67 0 32-14.33 32-32v-32c0-17.67-14.33-32-32-32z\"><\/path><\/svg><\/a>\n                                    <\/div>\n            <\/div>\n\n        \t\t\t\t<\/div>\n\t\t\t\t<\/div>\n\t\t\t\t<div class=\"elementor-element elementor-element-a12e54c elementor-widget elementor-widget-image-box\" data-id=\"a12e54c\" data-element_type=\"widget\" data-e-type=\"widget\" data-widget_type=\"image-box.default\">\n\t\t\t\t<div class=\"elementor-widget-container\">\n\t\t\t\t\t<div class=\"elementor-image-box-wrapper\"><div class=\"elementor-image-box-content\"><h3 class=\"elementor-image-box-title\">\u00c7adra<\/h3><p class=\"elementor-image-box-description\"> Nga ballkonet e vogla e deri tek kopshtet e m\u00ebdha, \u00e7adrat tona vijn\u00eb n\u00eb stile dhe madh\u00ebsi t\u00eb ndryshme p\u00ebr t\u00eb p\u00ebrmbushur \u00e7do nevoj\u00eb. <\/p><\/div><\/div>\t\t\t\t<\/div>\n\t\t\t\t<\/div>\n\t\t\t\t<div class=\"elementor-element elementor-element-4d86917 elementor-widget elementor-widget-button\" data-id=\"4d86917\" data-element_type=\"widget\" data-e-type=\"widget\" data-widget_type=\"button.default\">\n\t\t\t\t<div class=\"elementor-widget-container\">\n\t\t\t\t\t\t\t\t\t<div class=\"elementor-button-wrapper\">\n\t\t\t\t\t<a class=\"elementor-button elementor-button-link elementor-size-sm\" href=\"https:\/\/www.facebook.com\/100081834942578\/videos\/pcb.414682224602939\/1120351569213478\">\n\t\t\t\t\t\t<span class=\"elementor-button-content-wrapper\">\n\t\t\t\t\t\t\t\t\t<span class=\"elementor-button-text\">Shiko m\u00eb shum\u00eb<\/span>\n\t\t\t\t\t<\/span>\n\t\t\t\t\t<\/a>\n\t\t\t\t<\/div>\n\t\t\t\t\t\t\t\t<\/div>\n\t\t\t\t<\/div>\n\t\t\t\t<\/div>\n\t\t<div class=\"elementor-element elementor-element-ead2009 e-con-full e-flex e-con e-child\" data-id=\"ead2009\" data-element_type=\"container\" data-e-type=\"container\">\n\t\t\t\t<div class=\"elementor-element elementor-element-2601c6a elementor-widget elementor-widget-htmega-magnific-popup-addons\" data-id=\"2601c6a\" data-element_type=\"widget\" data-e-type=\"widget\" data-widget_type=\"htmega-magnific-popup-addons.default\">\n\t\t\t\t<div class=\"elementor-widget-container\">\n\t\t\t\t\t            <div class=\"htmega-lightbox \">\n                                <div class=\"htmega-lightboxthumb\">\n                    <img decoding=\"async\" width=\"800\" height=\"800\" src=\"https:\/\/kepetex.com\/wp-content\/uploads\/2024\/10\/pergola_me_ndricim_telekomand-1024x1024.png\" class=\"attachment-large size-large wp-image-881\" alt=\"\" srcset=\"https:\/\/kepetex.com\/wp-content\/uploads\/2024\/10\/pergola_me_ndricim_telekomand-1024x1024.png 1024w, https:\/\/kepetex.com\/wp-content\/uploads\/2024\/10\/pergola_me_ndricim_telekomand-300x300.png 300w, https:\/\/kepetex.com\/wp-content\/uploads\/2024\/10\/pergola_me_ndricim_telekomand-150x150.png 150w, https:\/\/kepetex.com\/wp-content\/uploads\/2024\/10\/pergola_me_ndricim_telekomand-768x768.png 768w, https:\/\/kepetex.com\/wp-content\/uploads\/2024\/10\/pergola_me_ndricim_telekomand.png 1200w\" sizes=\"(max-width: 800px) 100vw, 800px\" \/>                <\/div>\n                                <div class=\"htmega-lightbox-action htmega-lightbox-button-type-image\">\n                                            <a data-elementor-open-lightbox=\"no\" class=\"image-popup-vertical-fit\" href=\"https:\/\/kepetex.com\/wp-content\/uploads\/2024\/10\/pergola.png\" data-popupoption=\"{&quot;datatype&quot;:&quot;image&quot;}\" ><svg class=\"e-font-icon-svg e-fas-plus\" viewBox=\"0 0 448 512\" xmlns=\"http:\/\/www.w3.org\/2000\/svg\"><path d=\"M416 208H272V64c0-17.67-14.33-32-32-32h-32c-17.67 0-32 14.33-32 32v144H32c-17.67 0-32 14.33-32 32v32c0 17.67 14.33 32 32 32h144v144c0 17.67 14.33 32 32 32h32c17.67 0 32-14.33 32-32V304h144c17.67 0 32-14.33 32-32v-32c0-17.67-14.33-32-32-32z\"><\/path><\/svg><\/a>\n                                    <\/div>\n            <\/div>\n\n        \t\t\t\t<\/div>\n\t\t\t\t<\/div>\n\t\t\t\t<div class=\"elementor-element elementor-element-6cdf305 elementor-widget elementor-widget-image-box\" data-id=\"6cdf305\" data-element_type=\"widget\" data-e-type=\"widget\" data-widget_type=\"image-box.default\">\n\t\t\t\t<div class=\"elementor-widget-container\">\n\t\t\t\t\t<div class=\"elementor-image-box-wrapper\"><div class=\"elementor-image-box-content\"><h3 class=\"elementor-image-box-title\">Pergola<\/h3><p class=\"elementor-image-box-description\">Pergolat ofrojn\u00eb zgjidhje t\u00eb p\u00ebrsosur p\u00ebr hije n\u00eb hapesir\u00ebn tuaj. Ato ofrojn\u00eb mbrojtje gjat\u00eb gjith\u00eb vitit nga dielli dhe shiu.  <\/p><\/div><\/div>\t\t\t\t<\/div>\n\t\t\t\t<\/div>\n\t\t\t\t<div class=\"elementor-element elementor-element-3f639d7 elementor-widget elementor-widget-button\" data-id=\"3f639d7\" data-element_type=\"widget\" data-e-type=\"widget\" data-widget_type=\"button.default\">\n\t\t\t\t<div class=\"elementor-widget-container\">\n\t\t\t\t\t\t\t\t\t<div class=\"elementor-button-wrapper\">\n\t\t\t\t\t<a class=\"elementor-button elementor-button-link elementor-size-sm\" href=\"https:\/\/www.facebook.com\/reel\/1042039964771439\">\n\t\t\t\t\t\t<span class=\"elementor-button-content-wrapper\">\n\t\t\t\t\t\t\t\t\t<span class=\"elementor-button-text\">Shiko m\u00eb shum\u00eb<\/span>\n\t\t\t\t\t<\/span>\n\t\t\t\t\t<\/a>\n\t\t\t\t<\/div>\n\t\t\t\t\t\t\t\t<\/div>\n\t\t\t\t<\/div>\n\t\t\t\t<\/div>\n\t\t\t\t<\/div>\n\t\t\t\t<\/div>\n\t\t\t\t<\/div>\n\t\t<div class=\"elementor-element elementor-element-fee2938 e-con-full e-flex e-con e-child\" data-id=\"fee2938\" data-element_type=\"container\" data-e-type=\"container\">\n\t\t<div class=\"elementor-element elementor-element-a318583 e-con-full e-flex e-con e-child\" data-id=\"a318583\" data-element_type=\"container\" data-e-type=\"container\">\n\t\t<div class=\"elementor-element elementor-element-b3f1e9d e-con-full e-flex e-con e-child\" data-id=\"b3f1e9d\" data-element_type=\"container\" data-e-type=\"container\">\n\t\t<div class=\"elementor-element elementor-element-7e73a6d e-con-full e-flex e-con e-child\" data-id=\"7e73a6d\" data-element_type=\"container\" data-e-type=\"container\">\n\t\t\t\t<div class=\"elementor-element elementor-element-59e498e elementor-widget elementor-widget-button\" data-id=\"59e498e\" data-element_type=\"widget\" data-e-type=\"widget\" data-widget_type=\"button.default\">\n\t\t\t\t<div class=\"elementor-widget-container\">\n\t\t\t\t\t\t\t\t\t<div class=\"elementor-button-wrapper\">\n\t\t\t\t\t<a class=\"elementor-button elementor-button-link elementor-size-sm\" href=\"https:\/\/www.youtube.com\/watch?v=pVw46Zn8cGc\">\n\t\t\t\t\t\t<span class=\"elementor-button-content-wrapper\">\n\t\t\t\t\t\t\t\t\t<span class=\"elementor-button-text\">Shiko m\u00eb shum\u00eb<\/span>\n\t\t\t\t\t<\/span>\n\t\t\t\t\t<\/a>\n\t\t\t\t<\/div>\n\t\t\t\t\t\t\t\t<\/div>\n\t\t\t\t<\/div>\n\t\t\t\t<div class=\"elementor-element elementor-element-261bf89 elementor-widget elementor-widget-htmega-magnific-popup-addons\" data-id=\"261bf89\" data-element_type=\"widget\" data-e-type=\"widget\" data-widget_type=\"htmega-magnific-popup-addons.default\">\n\t\t\t\t<div class=\"elementor-widget-container\">\n\t\t\t\t\t            <div class=\"htmega-lightbox \">\n                                <div class=\"htmega-lightboxthumb\">\n                    <img loading=\"lazy\" decoding=\"async\" width=\"800\" height=\"800\" src=\"https:\/\/kepetex.com\/wp-content\/uploads\/2024\/10\/mbuloje_bioklimatike.png\" class=\"attachment-large size-large wp-image-883\" alt=\"\" srcset=\"https:\/\/kepetex.com\/wp-content\/uploads\/2024\/10\/mbuloje_bioklimatike.png 960w, https:\/\/kepetex.com\/wp-content\/uploads\/2024\/10\/mbuloje_bioklimatike-300x300.png 300w, https:\/\/kepetex.com\/wp-content\/uploads\/2024\/10\/mbuloje_bioklimatike-150x150.png 150w, https:\/\/kepetex.com\/wp-content\/uploads\/2024\/10\/mbuloje_bioklimatike-768x768.png 768w\" sizes=\"(max-width: 800px) 100vw, 800px\" \/>                <\/div>\n                                <div class=\"htmega-lightbox-action htmega-lightbox-button-type-image\">\n                                            <a data-elementor-open-lightbox=\"no\" class=\"image-popup-vertical-fit\" href=\"https:\/\/www.youtube.com\/watch?v=pVw46Zn8cGc\" data-popupoption=\"{&quot;datatype&quot;:&quot;iframe&quot;}\" ><svg class=\"e-font-icon-svg e-fas-plus\" viewBox=\"0 0 448 512\" xmlns=\"http:\/\/www.w3.org\/2000\/svg\"><path d=\"M416 208H272V64c0-17.67-14.33-32-32-32h-32c-17.67 0-32 14.33-32 32v144H32c-17.67 0-32 14.33-32 32v32c0 17.67 14.33 32 32 32h144v144c0 17.67 14.33 32 32 32h32c17.67 0 32-14.33 32-32V304h144c17.67 0 32-14.33 32-32v-32c0-17.67-14.33-32-32-32z\"><\/path><\/svg><\/a>\n                                    <\/div>\n            <\/div>\n\n        \t\t\t\t<\/div>\n\t\t\t\t<\/div>\n\t\t\t\t<div class=\"elementor-element elementor-element-9a8b67b elementor-widget elementor-widget-image-box\" data-id=\"9a8b67b\" data-element_type=\"widget\" data-e-type=\"widget\" data-widget_type=\"image-box.default\">\n\t\t\t\t<div class=\"elementor-widget-container\">\n\t\t\t\t\t<div class=\"elementor-image-box-wrapper\"><div class=\"elementor-image-box-content\"><h3 class=\"elementor-image-box-title\">Mbuloja Bioklimatike<\/h3><p class=\"elementor-image-box-description\">Mbulojat bioklimatike ofrojn\u00eb nj\u00eb zgjidhje inovative dhe t\u00eb q\u00ebndrueshme p\u00ebr t\u00eb mbrojtur ambientin tuaj nga ndikimet e motit. \n<\/p><\/div><\/div>\t\t\t\t<\/div>\n\t\t\t\t<\/div>\n\t\t\t\t<\/div>\n\t\t<div class=\"elementor-element elementor-element-673d60d e-con-full e-flex e-con e-child\" data-id=\"673d60d\" data-element_type=\"container\" data-e-type=\"container\">\n\t\t\t\t<div class=\"elementor-element elementor-element-14f377f elementor-widget elementor-widget-htmega-magnific-popup-addons\" data-id=\"14f377f\" data-element_type=\"widget\" data-e-type=\"widget\" data-widget_type=\"htmega-magnific-popup-addons.default\">\n\t\t\t\t<div class=\"elementor-widget-container\">\n\t\t\t\t\t            <div class=\"htmega-lightbox \">\n                                <div class=\"htmega-lightboxthumb\">\n                    <img loading=\"lazy\" decoding=\"async\" width=\"800\" height=\"800\" src=\"https:\/\/kepetex.com\/wp-content\/uploads\/2024\/10\/mbuloja-panelo-1024x1024.png\" class=\"attachment-large size-large wp-image-765\" alt=\"\" srcset=\"https:\/\/kepetex.com\/wp-content\/uploads\/2024\/10\/mbuloja-panelo-1024x1024.png 1024w, https:\/\/kepetex.com\/wp-content\/uploads\/2024\/10\/mbuloja-panelo-300x300.png 300w, https:\/\/kepetex.com\/wp-content\/uploads\/2024\/10\/mbuloja-panelo-150x150.png 150w, https:\/\/kepetex.com\/wp-content\/uploads\/2024\/10\/mbuloja-panelo-768x768.png 768w, https:\/\/kepetex.com\/wp-content\/uploads\/2024\/10\/mbuloja-panelo.png 1080w\" sizes=\"(max-width: 800px) 100vw, 800px\" \/>                <\/div>\n                                <div class=\"htmega-lightbox-action htmega-lightbox-button-type-image\">\n                                            <a data-elementor-open-lightbox=\"no\" class=\"image-popup-vertical-fit\" href=\"https:\/\/kepetex.com\/wp-content\/uploads\/2024\/10\/panell.jpg\" data-popupoption=\"{&quot;datatype&quot;:&quot;image&quot;}\" ><svg class=\"e-font-icon-svg e-fas-plus\" viewBox=\"0 0 448 512\" xmlns=\"http:\/\/www.w3.org\/2000\/svg\"><path d=\"M416 208H272V64c0-17.67-14.33-32-32-32h-32c-17.67 0-32 14.33-32 32v144H32c-17.67 0-32 14.33-32 32v32c0 17.67 14.33 32 32 32h144v144c0 17.67 14.33 32 32 32h32c17.67 0 32-14.33 32-32V304h144c17.67 0 32-14.33 32-32v-32c0-17.67-14.33-32-32-32z\"><\/path><\/svg><\/a>\n                                    <\/div>\n            <\/div>\n\n        \t\t\t\t<\/div>\n\t\t\t\t<\/div>\n\t\t\t\t<div class=\"elementor-element elementor-element-953c9d7 elementor-widget elementor-widget-image-box\" data-id=\"953c9d7\" data-element_type=\"widget\" data-e-type=\"widget\" data-widget_type=\"image-box.default\">\n\t\t\t\t<div class=\"elementor-widget-container\">\n\t\t\t\t\t<div class=\"elementor-image-box-wrapper\"><div class=\"elementor-image-box-content\"><h3 class=\"elementor-image-box-title\">Mbuloja Paneli<\/h3><p class=\"elementor-image-box-description\">Model unik i mbuloj\u00ebs me konstruksion alumini i cili mund\u00ebson n\u00eb t\u00eb nj\u00ebjt\u00ebn koh\u00eb mbrojtje nga kushtet atmosferike dhe p\u00ebrjetimin e hap\u00ebsir\u00ebs p\u00ebrreth.\n<\/p><\/div><\/div>\t\t\t\t<\/div>\n\t\t\t\t<\/div>\n\t\t\t\t<div class=\"elementor-element elementor-element-cda120d elementor-widget elementor-widget-button\" data-id=\"cda120d\" data-element_type=\"widget\" data-e-type=\"widget\" data-widget_type=\"button.default\">\n\t\t\t\t<div class=\"elementor-widget-container\">\n\t\t\t\t\t\t\t\t\t<div class=\"elementor-button-wrapper\">\n\t\t\t\t\t<a class=\"elementor-button elementor-button-link elementor-size-sm\" href=\"https:\/\/www.facebook.com\/profile.php?id=100081834942578\">\n\t\t\t\t\t\t<span class=\"elementor-button-content-wrapper\">\n\t\t\t\t\t\t\t\t\t<span class=\"elementor-button-text\">Shiko m\u00eb shum\u00eb<\/span>\n\t\t\t\t\t<\/span>\n\t\t\t\t\t<\/a>\n\t\t\t\t<\/div>\n\t\t\t\t\t\t\t\t<\/div>\n\t\t\t\t<\/div>\n\t\t\t\t<\/div>\n\t\t<div class=\"elementor-element elementor-element-84c0f7b e-con-full e-flex e-con e-child\" data-id=\"84c0f7b\" data-element_type=\"container\" data-e-type=\"container\">\n\t\t\t\t<div class=\"elementor-element elementor-element-95b2565 elementor-widget elementor-widget-htmega-magnific-popup-addons\" data-id=\"95b2565\" data-element_type=\"widget\" data-e-type=\"widget\" data-widget_type=\"htmega-magnific-popup-addons.default\">\n\t\t\t\t<div class=\"elementor-widget-container\">\n\t\t\t\t\t            <div class=\"htmega-lightbox \">\n                                <div class=\"htmega-lightboxthumb\">\n                    <img loading=\"lazy\" decoding=\"async\" width=\"800\" height=\"800\" src=\"https:\/\/kepetex.com\/wp-content\/uploads\/2024\/10\/mbuloje_me_xham-1024x1024.png\" class=\"attachment-large size-large wp-image-882\" alt=\"\" srcset=\"https:\/\/kepetex.com\/wp-content\/uploads\/2024\/10\/mbuloje_me_xham-1024x1024.png 1024w, https:\/\/kepetex.com\/wp-content\/uploads\/2024\/10\/mbuloje_me_xham-300x300.png 300w, https:\/\/kepetex.com\/wp-content\/uploads\/2024\/10\/mbuloje_me_xham-150x150.png 150w, https:\/\/kepetex.com\/wp-content\/uploads\/2024\/10\/mbuloje_me_xham-768x768.png 768w, https:\/\/kepetex.com\/wp-content\/uploads\/2024\/10\/mbuloje_me_xham.png 1401w\" sizes=\"(max-width: 800px) 100vw, 800px\" \/>                <\/div>\n                                <div class=\"htmega-lightbox-action htmega-lightbox-button-type-image\">\n                                            <a data-elementor-open-lightbox=\"no\" class=\"image-popup-vertical-fit\" href=\"https:\/\/www.youtube.com\/watch?v=s38dwiQ-KXQ\" data-popupoption=\"{&quot;datatype&quot;:&quot;iframe&quot;}\" ><svg class=\"e-font-icon-svg e-fas-plus\" viewBox=\"0 0 448 512\" xmlns=\"http:\/\/www.w3.org\/2000\/svg\"><path d=\"M416 208H272V64c0-17.67-14.33-32-32-32h-32c-17.67 0-32 14.33-32 32v144H32c-17.67 0-32 14.33-32 32v32c0 17.67 14.33 32 32 32h144v144c0 17.67 14.33 32 32 32h32c17.67 0 32-14.33 32-32V304h144c17.67 0 32-14.33 32-32v-32c0-17.67-14.33-32-32-32z\"><\/path><\/svg><\/a>\n                                    <\/div>\n            <\/div>\n\n        \t\t\t\t<\/div>\n\t\t\t\t<\/div>\n\t\t\t\t<div class=\"elementor-element elementor-element-e2ac48b elementor-widget elementor-widget-image-box\" data-id=\"e2ac48b\" data-element_type=\"widget\" data-e-type=\"widget\" data-widget_type=\"image-box.default\">\n\t\t\t\t<div class=\"elementor-widget-container\">\n\t\t\t\t\t<div class=\"elementor-image-box-wrapper\"><div class=\"elementor-image-box-content\"><h3 class=\"elementor-image-box-title\">Mbuloja Xhami<\/h3><p class=\"elementor-image-box-description\">Model unik i mbuloj\u00ebs me konstruksion alumini i cili mund\u00ebson n\u00eb t\u00eb nj\u00ebjt\u00ebn koh\u00eb mbrojtje nga kushtet atmosferike dhe p\u00ebrjetimin e hap\u00ebsir\u00ebs p\u00ebrreth.\n\n<\/p><\/div><\/div>\t\t\t\t<\/div>\n\t\t\t\t<\/div>\n\t\t\t\t<div class=\"elementor-element elementor-element-8201670 elementor-widget elementor-widget-button\" data-id=\"8201670\" data-element_type=\"widget\" data-e-type=\"widget\" data-widget_type=\"button.default\">\n\t\t\t\t<div class=\"elementor-widget-container\">\n\t\t\t\t\t\t\t\t\t<div class=\"elementor-button-wrapper\">\n\t\t\t\t\t<a class=\"elementor-button elementor-button-link elementor-size-sm\" href=\"https:\/\/www.youtube.com\/watch?v=s38dwiQ-KXQ\">\n\t\t\t\t\t\t<span class=\"elementor-button-content-wrapper\">\n\t\t\t\t\t\t\t\t\t<span class=\"elementor-button-text\">Shiko m\u00eb shum\u00eb<\/span>\n\t\t\t\t\t<\/span>\n\t\t\t\t\t<\/a>\n\t\t\t\t<\/div>\n\t\t\t\t\t\t\t\t<\/div>\n\t\t\t\t<\/div>\n\t\t\t\t<\/div>\n\t\t\t\t<\/div>\n\t\t\t\t<\/div>\n\t\t\t\t<\/div>\n\t\t\t\t<\/div>\n\t\t\t\t<\/div>\n\t\t","protected":false},"excerpt":{"rendered":"<p>Ne\u00a0 sigurojm\u00eb cil\u00ebsi t\u00eb lart\u00eb n\u00eb \u00e7do hap t\u00eb procesit ton\u00eb t\u00eb prodhimit. produktet Tenda Tendat kan\u00eb nj\u00eb rol t\u00eb r\u00ebnd\u00ebsish\u00ebm sepse p\u00ebrmir\u00ebsojn\u00eb ambientin dhe kan\u00eb p\u00ebrfitime t\u00eb shumta p\u00ebr sht\u00ebpin\u00eb apo dyqanin tuaj. Shiko m\u00eb shum\u00eb \u00c7adra Nga ballkonet e vogla e deri tek kopshtet e m\u00ebdha, \u00e7adrat tona vijn\u00eb n\u00eb stile dhe madh\u00ebsi [&hellip;]<\/p>\n","protected":false},"author":1,"featured_media":0,"parent":0,"menu_order":0,"comment_status":"closed","ping_status":"closed","template":"elementor_header_footer","meta":{"om_disable_all_campaigns":false,"_monsterinsights_skip_tracking":false,"_monsterinsights_sitenote_active":false,"_monsterinsights_sitenote_note":"","_monsterinsights_sitenote_category":0,"footnotes":""},"class_list":["post-11","page","type-page","status-publish","hentry"],"aioseo_notices":[],"_links":{"self":[{"href":"https:\/\/kepetex.com\/index.php\/wp-json\/wp\/v2\/pages\/11","targetHints":{"allow":["GET"]}}],"collection":[{"href":"https:\/\/kepetex.com\/index.php\/wp-json\/wp\/v2\/pages"}],"about":[{"href":"https:\/\/kepetex.com\/index.php\/wp-json\/wp\/v2\/types\/page"}],"author":[{"embeddable":true,"href":"https:\/\/kepetex.com\/index.php\/wp-json\/wp\/v2\/users\/1"}],"replies":[{"embeddable":true,"href":"https:\/\/kepetex.com\/index.php\/wp-json\/wp\/v2\/comments?post=11"}],"version-history":[{"count":140,"href":"https:\/\/kepetex.com\/index.php\/wp-json\/wp\/v2\/pages\/11\/revisions"}],"predecessor-version":[{"id":1122,"href":"https:\/\/kepetex.com\/index.php\/wp-json\/wp\/v2\/pages\/11\/revisions\/1122"}],"wp:attachment":[{"href":"https:\/\/kepetex.com\/index.php\/wp-json\/wp\/v2\/media?parent=11"}],"curies":[{"name":"wp","href":"https:\/\/api.w.org\/{rel}","templated":true}]}}